{"id":129,"date":"2025-02-17T10:11:09","date_gmt":"2025-02-17T10:11:09","guid":{"rendered":"https:\/\/www.josiella.fi\/?page_id=129"},"modified":"2026-01-02T07:26:21","modified_gmt":"2026-01-02T07:26:21","slug":"josiella-ravintola","status":"publish","type":"page","link":"https:\/\/www.josiella.fi\/","title":{"rendered":"Josiella ravintola"},"content":{"rendered":"\n<p>Asian Fusion -lounasravintola Kuhmossa, jossa tarjotaan noutop\u00f6yd\u00e4st\u00e4 suomalais-aasialaista ruokaa. S\u00e4\u00e4nn\u00f6llisen aukiolon ulkopuolella voimme j\u00e4rjest\u00e4\u00e4 my\u00f6s juhla- ja kokoustilaisuudet max 40 henkil\u00f6lle. <\/p>\n\n\n\n<p class=\"is-style-default\">Lounaan voi nauttia paikan p\u00e4\u00e4ll\u00e4 tai ottaa mukaan. Kysy lis\u00e4\u00e4 tuotteista, jos sinulla on ruoka-allergioita. Voit tilata Take Away -annokset soittamalla, WhatsApp- tai Messenger-viestill\u00e4:&nbsp;<a href=\"tel:0503750704\">050 375 0704<\/a><\/p>\n\n\n\n<ul class=\"wp-block-list\">\n<li>K\u00f6nninm\u00e4entie 6, Kuhmo, Finland<\/li>\n\n\n\n<li>Puhelin:&nbsp;<a href=\"tel:00358503750704\">050 375 0704<\/a><\/li>\n\n\n\n<li><strong>Suljettu 11.1.2026 asti, avataan j\u00e4lleen 12.1. (ma &#8211; pe  klo 11:00 &#8211; 15:00<\/strong>)<\/li>\n<\/ul>\n\n\n\n<figure class=\"wp-block-image size-large\"><img loading=\"lazy\" decoding=\"async\" width=\"1024\" height=\"682\" src=\"http:\/\/www.josiella.fi\/wp-content\/uploads\/2025\/02\/josiella_ravintola_rakennus-1024x682.jpg\" alt=\"\" class=\"wp-image-81\" srcset=\"https:\/\/www.josiella.fi\/wp-content\/uploads\/2025\/02\/josiella_ravintola_rakennus-1024x682.jpg 1024w, https:\/\/www.josiella.fi\/wp-content\/uploads\/2025\/02\/josiella_ravintola_rakennus-300x200.jpg 300w, https:\/\/www.josiella.fi\/wp-content\/uploads\/2025\/02\/josiella_ravintola_rakennus-768x512.jpg 768w, https:\/\/www.josiella.fi\/wp-content\/uploads\/2025\/02\/josiella_ravintola_rakennus-1536x1024.jpg 1536w, https:\/\/www.josiella.fi\/wp-content\/uploads\/2025\/02\/josiella_ravintola_rakennus.jpg 2000w\" sizes=\"auto, (max-width: 1024px) 100vw, 1024px\" \/><\/figure>\n","protected":false},"excerpt":{"rendered":"<p>Asian Fusion -lounasravintola Kuhmossa, jossa tarjotaan noutop\u00f6yd\u00e4st\u00e4 suomalais-aasialaista ruokaa. S\u00e4\u00e4nn\u00f6llisen aukiolon ulkopuolella voimme j\u00e4rjest\u00e4\u00e4 my\u00f6s juhla- ja kokoustilaisuudet max 40 henkil\u00f6lle. Lounaan voi nauttia paikan p\u00e4\u00e4ll\u00e4 tai ottaa mukaan. Kysy lis\u00e4\u00e4 tuotteista, jos sinulla on ruoka-allergioita. Voit tilata Take Away -annokset soittamalla, WhatsApp- tai Messenger-viestill\u00e4:&nbsp;050 375 0704<\/p>\n","protected":false},"author":1,"featured_media":0,"parent":0,"menu_order":0,"comment_status":"closed","ping_status":"closed","template":"","meta":{"footnotes":""},"class_list":["post-129","page","type-page","status-publish","hentry"],"_links":{"self":[{"href":"https:\/\/www.josiella.fi\/index.php\/wp-json\/wp\/v2\/pages\/129","targetHints":{"allow":["GET"]}}],"collection":[{"href":"https:\/\/www.josiella.fi\/index.php\/wp-json\/wp\/v2\/pages"}],"about":[{"href":"https:\/\/www.josiella.fi\/index.php\/wp-json\/wp\/v2\/types\/page"}],"author":[{"embeddable":true,"href":"https:\/\/www.josiella.fi\/index.php\/wp-json\/wp\/v2\/users\/1"}],"replies":[{"embeddable":true,"href":"https:\/\/www.josiella.fi\/index.php\/wp-json\/wp\/v2\/comments?post=129"}],"version-history":[{"count":12,"href":"https:\/\/www.josiella.fi\/index.php\/wp-json\/wp\/v2\/pages\/129\/revisions"}],"predecessor-version":[{"id":681,"href":"https:\/\/www.josiella.fi\/index.php\/wp-json\/wp\/v2\/pages\/129\/revisions\/681"}],"wp:attachment":[{"href":"https:\/\/www.josiella.fi\/index.php\/wp-json\/wp\/v2\/media?parent=129"}],"curies":[{"name":"wp","href":"https:\/\/api.w.org\/{rel}","templated":true}]}}